{"id":13302,"date":"2019-04-24T17:08:37","date_gmt":"2019-04-24T17:08:37","guid":{"rendered":"https:\/\/aronlight.com\/politica-de-cookies-aronlight\/"},"modified":"2021-06-21T16:19:57","modified_gmt":"2021-06-21T16:19:57","slug":"politica-de-cookies-aronlight","status":"publish","type":"page","link":"https:\/\/aronlight.com\/fr\/politica-de-cookies-aronlight\/","title":{"rendered":"Politique de Cookies D&rsquo;Aronlight"},"content":{"rendered":"<p>[vc_row rt_row_background_width=\u00a0\u00bbfullwidth\u00a0\u00bb rt_row_content_width=\u00a0\u00bbdefault\u00a0\u00bb rt_row_style=\u00a0\u00bbdefault-style\u00a0\u00bb rt_row_height=\u00a0\u00bb\u00a0\u00bb rt_column_gaps=\u00a0\u00bb\u00a0\u00bb rt_row_shadows=\u00a0\u00bb\u00a0\u00bb rt_row_borders=\u00a0\u00bb\u00a0\u00bb rt_bg_effect=\u00a0\u00bbclassic\u00a0\u00bb rt_bg_image_repeat=\u00a0\u00bbrepeat\u00a0\u00bb rt_bg_size=\u00a0\u00bbcover\u00a0\u00bb rt_bg_position=\u00a0\u00bbright top\u00a0\u00bb rt_bg_attachment=\u00a0\u00bbscroll\u00a0\u00bb rt_bg_layer=\u00a0\u00bb\u00a0\u00bb rt_bg_video_format=\u00a0\u00bbself-hosted\u00a0\u00bb][vc_column rt_bg_effect=\u00a0\u00bbclassic\u00a0\u00bb rt_bg_image_repeat=\u00a0\u00bbrepeat\u00a0\u00bb rt_bg_size=\u00a0\u00bbauto auto\u00a0\u00bb rt_bg_position=\u00a0\u00bbright top\u00a0\u00bb rt_bg_attachment=\u00a0\u00bbscroll\u00a0\u00bb rt_class=\u00a0\u00bbrt-7050354&Prime; rt_margins=\u00a0\u00bb30,30&Prime; rt_paddings=\u00a0\u00bb,,,\u00a0\u00bb rt_wrapper_paddings=\u00a0\u00bb,,,\u00a0\u00bb rt_tablet_margins=\u00a0\u00bb,\u00a0\u00bb rt_tablet_paddings=\u00a0\u00bb,,,\u00a0\u00bb rt_tablet_wrapper_paddings=\u00a0\u00bb,,,\u00a0\u00bb rt_sp_margins=\u00a0\u00bb,\u00a0\u00bb rt_sp_paddings=\u00a0\u00bb,,,\u00a0\u00bb rt_sp_wrapper_paddings=\u00a0\u00bb,,,\u00a0\u00bb rt_bg_color=\u00a0\u00bb\u00a0\u00bb rt_bg_overlay_color=\u00a0\u00bb\u00a0\u00bb][vc_column_text]<\/p>\n<p style=\"text-align: left;\"><strong>Politique de Cookies D&rsquo;Aronlight<\/strong><\/p>\n<p><strong>Quels sont-ils et comment fonctionnent-ils?<\/strong><\/p>\n<p>Les cookies sont de petits fichiers texte envoy\u00e9s \u00e0 votre ordinateur ou appareil mobile, via votre navigateur Internet (navigateur), qui les stocke dans un dossier de fichiers. Chaque cookie stock\u00e9 est unique et contient des informations anonymes constitu\u00e9es d&rsquo;un identifiant, du nom de la page Web et d&rsquo;un code alphanum\u00e9rique.<\/p>\n<p>Les cookies collectent des informations g\u00e9n\u00e9riques li\u00e9es aux pr\u00e9f\u00e9rences des utilisateurs, par exemple, la fa\u00e7on dont ils utilisent le site Web d&rsquo;Aron Light ou la r\u00e9gion du pays \u00e0 partir de laquelle ils le font, etc., permettant au syst\u00e8me de se souvenir des caract\u00e9ristiques de navigation ou des pr\u00e9f\u00e9rences des sessions pr\u00e9c\u00e9dentes. Chaque fois que vous visitez \u00e0 nouveau notre site Web, votre navigateur lit le cookie et nous transmet les informations.<\/p>\n<p>Ces cookies ne sont ni invasifs ni nuisibles et ne contiennent pas d&rsquo;informations personnelles.<\/p>\n<p>Si votre navigateur Internet est configur\u00e9 pour accepter les cookies, lorsque vous visitez le site Web d&rsquo;Aron Light, nous consid\u00e9rons que vous acceptez notre politique en mati\u00e8re de cookies.<\/p>\n<p><strong> Pourquoi utilisons-nous des cookies? <\/strong><br \/>\nAron Light utilise des cookies pour offrir \u00e0 l&rsquo;utilisateur une exp\u00e9rience plus agr\u00e9able.<\/p>\n<p>Les cookies ont diff\u00e9rentes fonctions:<\/p>\n<p><strong> Fonctions de base <\/strong><br \/>\nCes cookies sont essentiels pour l&rsquo;ex\u00e9cution de notre site Web et sont essentiels pour vous offrir une exp\u00e9rience transparente car ils vous permettent de naviguer sans interruption. Ils permettent \u00e9galement l&rsquo;utilisation de nos fonctionnalit\u00e9s ou applications de base, comme par exemple l&rsquo;acc\u00e8s aux zones de la page via une connexion avec authentification s\u00e9curis\u00e9e.<\/p>\n<p><strong> Am\u00e9lioration <\/strong><br \/>\nCes cookies nous permettent de surveiller les performances de notre site Web en analysant la fa\u00e7on dont les utilisateurs l&rsquo;utilisent.<\/p>\n<p>Aron Light peut rapidement identifier et corriger tout probl\u00e8me, offrant en permanence une exp\u00e9rience de haute qualit\u00e9 avec une offre toujours personnalis\u00e9e. Ces cookies ne collectent jamais d&rsquo;informations personnelles car ils sont utilis\u00e9s uniquement \u00e0 des fins d&rsquo;analyse statistique.<\/p>\n<p><strong> Personnalisation <\/strong><br \/>\nCes cookies contribuent \u00e0 rendre notre contenu aussi personnalis\u00e9 et attrayant que possible pour l&rsquo;utilisateur.<\/p>\n<p>En fonction de votre utilisation de notre page, Aron Light utilise ces cookies pour identifier vos pr\u00e9f\u00e9rences et mettre en \u00e9vidence des articles ou des services qui, selon nous, pourraient vous int\u00e9resser.<\/p>\n<p><strong> Comment g\u00e9rer les cookies? <\/strong><br \/>\n\u00c0 tout moment, l&rsquo;utilisateur peut, via son navigateur, choisir de recevoir des notifications sur la r\u00e9ception de cookies, et restreindre, voire bloquer, leur entr\u00e9e dans leur syst\u00e8me.<\/p>\n<p>La plupart des zones de notre site Web fonctionnent sans cookies, cependant, leur restriction ou leur blocage peut entra\u00eener des difficult\u00e9s d&rsquo;acc\u00e8s \u00e0 certaines de nos fonctionnalit\u00e9s ou de r\u00e9ception d&rsquo;informations personnalis\u00e9es.<\/p>\n<p>Si vous supprimez les cookies de votre navigateur, vous devrez peut-\u00eatre r\u00e9installer les cookies refus\u00e9s.<\/p>\n<p>Si vous rencontrez des difficult\u00e9s, consultez le menu d&rsquo;aide de votre navigateur et vous saurez comment proc\u00e9der.<\/p>\n<p>Pour en savoir plus sur ces technologies et leur fonctionnement, voir par exemple allaboutcookies.org.<\/p>\n<p><strong> Que devez-vous savoir de plus? <\/strong><br \/>\nAron Light se r\u00e9serve le droit de modifier cette politique \u00e0 tout moment. Si tel est le cas, Aronlight publiera un avis le communiquant \u00e0 l&rsquo;utilisateur. Cependant, nous vous recommandons de visiter occasionnellement cette page de politique de cookies.<\/p>\n<p>Si vous avez d&rsquo;autres questions, contactez-nous \u00e0 <a href=\"mailto:geral@aronlight.pt\"> <strong> geral@aronlight.pt <\/strong> <\/a>[\/vc_column_text][\/vc_column][\/vc_row]<\/p>\n","protected":false},"excerpt":{"rendered":"<p>[vc_row rt_row_background_width=\u00a0\u00bbfullwidth\u00a0\u00bb rt_row_content_width=\u00a0\u00bbdefault\u00a0\u00bb rt_row_style=\u00a0\u00bbdefault-style\u00a0\u00bb rt_row_height=\u00a0\u00bb\u00a0\u00bb rt_column_gaps=\u00a0\u00bb\u00a0\u00bb rt_row_shadows=\u00a0\u00bb\u00a0\u00bb rt_row_borders=\u00a0\u00bb\u00a0\u00bb rt_bg_effect=\u00a0\u00bbclassic\u00a0\u00bb rt_bg_image_repeat=\u00a0\u00bbrepeat\u00a0\u00bb rt_bg_size=\u00a0\u00bbcover\u00a0\u00bb rt_bg_position=\u00a0\u00bbright top\u00a0\u00bb rt_bg_attachment=\u00a0\u00bbscroll\u00a0\u00bb rt_bg_layer=\u00a0\u00bb\u00a0\u00bb rt_bg_video_format=\u00a0\u00bbself-hosted\u00a0\u00bb][vc_column rt_bg_effect=\u00a0\u00bbclassic\u00a0\u00bb rt_bg_image_repeat=\u00a0\u00bbrepeat\u00a0\u00bb rt_bg_size=\u00a0\u00bbauto auto\u00a0\u00bb rt_bg_position=\u00a0\u00bbright top\u00a0\u00bb rt_bg_attachment=\u00a0\u00bbscroll\u00a0\u00bb rt_class=\u00a0\u00bbrt-7050354&Prime; rt_margins=\u00a0\u00bb30,30&Prime; rt_paddings=\u00a0\u00bb,,,\u00a0\u00bb rt_wrapper_paddings=\u00a0\u00bb,,,\u00a0\u00bb rt_tablet_margins=\u00a0\u00bb,\u00a0\u00bb rt_tablet_paddings=\u00a0\u00bb,,,\u00a0\u00bb rt_tablet_wrapper_paddings=\u00a0\u00bb,,,\u00a0\u00bb rt_sp_margins=\u00a0\u00bb,\u00a0\u00bb rt_sp_paddings=\u00a0\u00bb,,,\u00a0\u00bb rt_sp_wrapper_paddings=\u00a0\u00bb,,,\u00a0\u00bb rt_bg_color=\u00a0\u00bb\u00a0\u00bb rt_bg_overlay_color=\u00a0\u00bb\u00a0\u00bb][vc_column_text] Politique de Cookies D&rsquo;Aronlight Quels sont-ils et comment fonctionnent-ils? Les cookies sont de petits fichiers texte envoy\u00e9s \u00e0 votre ordinateur [&hellip;]<\/p>\n","protected":false},"author":1,"featured_media":0,"parent":0,"menu_order":0,"comment_status":"closed","ping_status":"closed","template":"","meta":{"footnotes":""},"_links":{"self":[{"href":"https:\/\/aronlight.com\/fr\/wp-json\/wp\/v2\/pages\/13302"}],"collection":[{"href":"https:\/\/aronlight.com\/fr\/wp-json\/wp\/v2\/pages"}],"about":[{"href":"https:\/\/aronlight.com\/fr\/wp-json\/wp\/v2\/types\/page"}],"author":[{"embeddable":true,"href":"https:\/\/aronlight.com\/fr\/wp-json\/wp\/v2\/users\/1"}],"replies":[{"embeddable":true,"href":"https:\/\/aronlight.com\/fr\/wp-json\/wp\/v2\/comments?post=13302"}],"version-history":[{"count":2,"href":"https:\/\/aronlight.com\/fr\/wp-json\/wp\/v2\/pages\/13302\/revisions"}],"predecessor-version":[{"id":13304,"href":"https:\/\/aronlight.com\/fr\/wp-json\/wp\/v2\/pages\/13302\/revisions\/13304"}],"wp:attachment":[{"href":"https:\/\/aronlight.com\/fr\/wp-json\/wp\/v2\/media?parent=13302"}],"curies":[{"name":"wp","href":"https:\/\/api.w.org\/{rel}","templated":true}]}}