{"id":13279,"date":"2020-01-27T15:59:07","date_gmt":"2020-01-27T15:59:07","guid":{"rendered":"https:\/\/aronlight.com\/?page_id=13279"},"modified":"2025-02-25T15:40:32","modified_gmt":"2025-02-25T15:40:32","slug":"aronlight-quem-somos","status":"publish","type":"page","link":"https:\/\/aronlight.com\/fr\/aronlight-quem-somos\/","title":{"rendered":"A Propos"},"content":{"rendered":"<p>[vc_row rt_row_background_width=\u00a0\u00bbfullwidth\u00a0\u00bb rt_row_content_width=\u00a0\u00bbdefault\u00a0\u00bb rt_row_style=\u00a0\u00bbdefault-style\u00a0\u00bb rt_row_height=\u00a0\u00bb\u00a0\u00bb rt_column_gaps=\u00a0\u00bb\u00a0\u00bb rt_row_shadows=\u00a0\u00bb\u00a0\u00bb rt_row_borders=\u00a0\u00bbbottom\u00a0\u00bb rt_bg_effect=\u00a0\u00bbclassic\u00a0\u00bb rt_bg_image_repeat=\u00a0\u00bbrepeat\u00a0\u00bb rt_bg_size=\u00a0\u00bbcover\u00a0\u00bb rt_bg_position=\u00a0\u00bbright top\u00a0\u00bb rt_bg_attachment=\u00a0\u00bbscroll\u00a0\u00bb rt_bg_layer=\u00a0\u00bb\u00a0\u00bb rt_bg_video_format=\u00a0\u00bbself-hosted\u00a0\u00bb rt_class=\u00a0\u00bbrt-7017679&Prime; rt_paddings=\u00a0\u00bb40,40,,\u00a0\u00bb rt_margins=\u00a0\u00bb,,,\u00a0\u00bb rt_content_margins=\u00a0\u00bb,,,\u00a0\u00bb rt_tablet_paddings=\u00a0\u00bb,,,\u00a0\u00bb rt_tablet_margins=\u00a0\u00bb,,,\u00a0\u00bb rt_tablet_content_margins=\u00a0\u00bb,,,\u00a0\u00bb rt_sp_paddings=\u00a0\u00bb,,,\u00a0\u00bb rt_sp_margins=\u00a0\u00bb,,,\u00a0\u00bb rt_sp_content_margins=\u00a0\u00bb,,,\u00a0\u00bb][vc_column width=\u00a0\u00bb1\/2&Prime; rt_bg_effect=\u00a0\u00bbclassic\u00a0\u00bb rt_bg_image_repeat=\u00a0\u00bbrepeat\u00a0\u00bb rt_bg_size=\u00a0\u00bbauto auto\u00a0\u00bb rt_bg_position=\u00a0\u00bbright top\u00a0\u00bb rt_bg_attachment=\u00a0\u00bbscroll\u00a0\u00bb rt_col_paddings=\u00a0\u00bbtrue\u00a0\u00bb rt_wrp_col_paddings=\u00a0\u00bbfalse\u00a0\u00bb rt_class=\u00a0\u00bbrt-6065119&Prime; rt_margins=\u00a0\u00bb,\u00a0\u00bb rt_paddings=\u00a0\u00bb20,40px,,\u00a0\u00bb rt_wrapper_paddings=\u00a0\u00bb,,,\u00a0\u00bb rt_tablet_margins=\u00a0\u00bb,\u00a0\u00bb rt_tablet_paddings=\u00a0\u00bb,,,\u00a0\u00bb rt_tablet_wrapper_paddings=\u00a0\u00bb,,,\u00a0\u00bb rt_sp_margins=\u00a0\u00bb,\u00a0\u00bb rt_sp_paddings=\u00a0\u00bb,,,\u00a0\u00bb rt_sp_wrapper_paddings=\u00a0\u00bb,,,\u00a0\u00bb rt_bg_color=\u00a0\u00bb\u00a0\u00bb rt_bg_overlay_color=\u00a0\u00bb\u00a0\u00bb]<div class=\"rt-heading-wrapper style-2 rt-4024610\">\n\t\t\t\t\t\t<h4 class=\"rt-heading style-2\" >Aronlight<\/h4>\n\t\t\t\t\t<\/div><div class=\"rt-heading-wrapper rt-2800378\">\n\t\t\t\t\t\t<h6 class=\"rt-heading\" >Une Seule Marque, Toutes Les Solutions D&rsquo;\u00e9clairage<\/h6>\n\t\t\t\t\t<\/div>[vc_column_text]Aronlight est une marque d\u00e9pos\u00e9e \u00e0 capital 100% portugais, d\u00e9di\u00e9e au d\u00e9veloppement et \u00e0 la commercialisation de produits \u00e0 LED de haute qualit\u00e9.<\/p>\n<p>La qualit\u00e9 de nos produits et le support technique sont notre engagement \u00e0 garantir la confiance de nos clients.<\/p>\n<p>Nous visons \u00e0 offrir \u00e0 nos partenaires les solutions d\u2019\u00e9clairage les plus innovantes du march\u00e9 en termes d&rsquo;efficacit\u00e9, de design et de technologie.<\/p>\n<p>Nous avons lanc\u00e9 plusieurs gammes de produits, telles que la gamme de produits Architecture &amp; Design, une solution compl\u00e8te pour les concepteurs d\u2019\u00e9clairage; La gamme Aron Smart, une gamme de produits de contr\u00f4le Wi-Fi, \u00e0 travers notre application disponible sur l&rsquo;Apple Store et Google Play; et de nombreux autres nouveaux produits qui compl\u00e8tent les gammes de produits existantes.[\/vc_column_text][vc_empty_space height=\u00a0\u00bb16px\u00a0\u00bb]<div class=\"rt-heading-wrapper rt-1142048\">\n\t\t\t\t\t\t<h6 class=\"rt-heading\" >Politique Qualit\u00e9<\/h6>\n\t\t\t\t\t<\/div>[vc_column_text css=\u00a0\u00bb\u00a0\u00bb]<\/p>\n<p data-start=\"38\" data-end=\"269\"><strong>Aronlight<\/strong> transmet \u00e0 ses clients la confiance de poss\u00e9der la capacit\u00e9, technique et organisationnelle, capable de fournir, de mani\u00e8re coh\u00e9rente et syst\u00e9matique, le niveau de qualit\u00e9 requis pour satisfaire leurs besoins et attentes.<\/p>\n<p data-start=\"271\" data-end=\"336\">La politique qualit\u00e9 d&rsquo;<strong>Aronlight<\/strong> int\u00e8gre les principes suivants :<\/p>\n<ul>\n<li data-start=\"338\" data-end=\"419\">Assurer la satisfaction des besoins des clients et leur fid\u00e9lisation, \u00e0 travers:\n<ul>\n<li data-start=\"420\" data-end=\"468\">La commercialisation de produits de \u00ab\u00a0qualit\u00e9\u00a0\u00bb,<\/li>\n<li data-start=\"469\" data-end=\"563\">Le support technique pour d\u00e9finir des solutions techniques adapt\u00e9es aux besoins des clients,<\/li>\n<li data-start=\"564\" data-end=\"614\">Le respect des d\u00e9lais convenus avec les clients;<\/li>\n<\/ul>\n<\/li>\n<li data-start=\"615\" data-end=\"709\">Garantir la conformit\u00e9 \u00e0 la l\u00e9gislation applicable \u00e0 son activit\u00e9 de prestation de services;<\/li>\n<li data-start=\"710\" data-end=\"804\" data-is-last-node=\"\">Am\u00e9liorer continuellement l&rsquo;efficacit\u00e9 de son syst\u00e8me de gestion de la qualit\u00e9 mis en place.<\/li>\n<\/ul>\n<p>[\/vc_column_text][\/vc_column][vc_column width=\u00a0\u00bb1\/2&Prime; rt_bg_effect=\u00a0\u00bbclassic\u00a0\u00bb rt_bg_image_repeat=\u00a0\u00bbrepeat\u00a0\u00bb rt_bg_size=\u00a0\u00bbauto auto\u00a0\u00bb rt_bg_position=\u00a0\u00bbright top\u00a0\u00bb rt_bg_attachment=\u00a0\u00bbscroll\u00a0\u00bb rt_class=\u00a0\u00bbrt-1424421&Prime; rt_margins=\u00a0\u00bb100,\u00a0\u00bb rt_paddings=\u00a0\u00bb,,60,40&Prime; rt_wrapper_paddings=\u00a0\u00bb,,,\u00a0\u00bb rt_tablet_margins=\u00a0\u00bb,\u00a0\u00bb rt_tablet_paddings=\u00a0\u00bb,,,\u00a0\u00bb rt_tablet_wrapper_paddings=\u00a0\u00bb,,,\u00a0\u00bb rt_sp_margins=\u00a0\u00bb,\u00a0\u00bb rt_sp_paddings=\u00a0\u00bb,,,\u00a0\u00bb rt_sp_wrapper_paddings=\u00a0\u00bb,,,\u00a0\u00bb rt_bg_color=\u00a0\u00bb\u00a0\u00bb rt_bg_overlay_color=\u00a0\u00bb\u00a0\u00bb]<span class=\"businesslounge-icon icon-quote-left  primary-color\" style=\"font-size:35px;margin-bottom:20px;\"><\/span><div class=\"rt-heading-wrapper rt-5329119\">\n\t\t\t\t\t\t<h4 class=\"rt-heading\" ><span class=\"highlight style-1\">It doesn\u2019t cost money to light a room correctly, but it does require culture. <\/span><\/h4>\n\t\t\t\t\t<\/div><span class=\"businesslounge-icon icon-quote-right  alignright primary-color\" style=\"font-size:35px;margin-bottom:60px;\"><\/span>[vc_column_text 0=\u00a0\u00bb\u00a0\u00bb]<strong>Poul Henningsen<\/strong>[\/vc_column_text][\/vc_column][\/vc_row]<\/p>\n","protected":false},"excerpt":{"rendered":"<p>[vc_row rt_row_background_width=\u00a0\u00bbfullwidth\u00a0\u00bb rt_row_content_width=\u00a0\u00bbdefault\u00a0\u00bb rt_row_style=\u00a0\u00bbdefault-style\u00a0\u00bb rt_row_height=\u00a0\u00bb\u00a0\u00bb rt_column_gaps=\u00a0\u00bb\u00a0\u00bb rt_row_shadows=\u00a0\u00bb\u00a0\u00bb rt_row_borders=\u00a0\u00bbbottom\u00a0\u00bb rt_bg_effect=\u00a0\u00bbclassic\u00a0\u00bb rt_bg_image_repeat=\u00a0\u00bbrepeat\u00a0\u00bb rt_bg_size=\u00a0\u00bbcover\u00a0\u00bb rt_bg_position=\u00a0\u00bbright top\u00a0\u00bb rt_bg_attachment=\u00a0\u00bbscroll\u00a0\u00bb rt_bg_layer=\u00a0\u00bb\u00a0\u00bb rt_bg_video_format=\u00a0\u00bbself-hosted\u00a0\u00bb rt_class=\u00a0\u00bbrt-7017679&Prime; rt_paddings=\u00a0\u00bb40,40,,\u00a0\u00bb rt_margins=\u00a0\u00bb,,,\u00a0\u00bb rt_content_margins=\u00a0\u00bb,,,\u00a0\u00bb rt_tablet_paddings=\u00a0\u00bb,,,\u00a0\u00bb rt_tablet_margins=\u00a0\u00bb,,,\u00a0\u00bb rt_tablet_content_margins=\u00a0\u00bb,,,\u00a0\u00bb rt_sp_paddings=\u00a0\u00bb,,,\u00a0\u00bb rt_sp_margins=\u00a0\u00bb,,,\u00a0\u00bb rt_sp_content_margins=\u00a0\u00bb,,,\u00a0\u00bb][vc_column width=\u00a0\u00bb1\/2&Prime; rt_bg_effect=\u00a0\u00bbclassic\u00a0\u00bb rt_bg_image_repeat=\u00a0\u00bbrepeat\u00a0\u00bb rt_bg_size=\u00a0\u00bbauto auto\u00a0\u00bb rt_bg_position=\u00a0\u00bbright top\u00a0\u00bb rt_bg_attachment=\u00a0\u00bbscroll\u00a0\u00bb rt_col_paddings=\u00a0\u00bbtrue\u00a0\u00bb rt_wrp_col_paddings=\u00a0\u00bbfalse\u00a0\u00bb rt_class=\u00a0\u00bbrt-6065119&Prime; rt_margins=\u00a0\u00bb,\u00a0\u00bb rt_paddings=\u00a0\u00bb20,40px,,\u00a0\u00bb rt_wrapper_paddings=\u00a0\u00bb,,,\u00a0\u00bb rt_tablet_margins=\u00a0\u00bb,\u00a0\u00bb rt_tablet_paddings=\u00a0\u00bb,,,\u00a0\u00bb rt_tablet_wrapper_paddings=\u00a0\u00bb,,,\u00a0\u00bb rt_sp_margins=\u00a0\u00bb,\u00a0\u00bb rt_sp_paddings=\u00a0\u00bb,,,\u00a0\u00bb rt_sp_wrapper_paddings=\u00a0\u00bb,,,\u00a0\u00bb rt_bg_color=\u00a0\u00bb\u00a0\u00bb rt_bg_overlay_color=\u00a0\u00bb\u00a0\u00bb][vc_column_text]Aronlight est une marque d\u00e9pos\u00e9e \u00e0 capital 100% [&hellip;]<\/p>\n","protected":false},"author":1,"featured_media":0,"parent":0,"menu_order":0,"comment_status":"closed","ping_status":"closed","template":"","meta":{"footnotes":""},"_links":{"self":[{"href":"https:\/\/aronlight.com\/fr\/wp-json\/wp\/v2\/pages\/13279"}],"collection":[{"href":"https:\/\/aronlight.com\/fr\/wp-json\/wp\/v2\/pages"}],"about":[{"href":"https:\/\/aronlight.com\/fr\/wp-json\/wp\/v2\/types\/page"}],"author":[{"embeddable":true,"href":"https:\/\/aronlight.com\/fr\/wp-json\/wp\/v2\/users\/1"}],"replies":[{"embeddable":true,"href":"https:\/\/aronlight.com\/fr\/wp-json\/wp\/v2\/comments?post=13279"}],"version-history":[{"count":11,"href":"https:\/\/aronlight.com\/fr\/wp-json\/wp\/v2\/pages\/13279\/revisions"}],"predecessor-version":[{"id":36541,"href":"https:\/\/aronlight.com\/fr\/wp-json\/wp\/v2\/pages\/13279\/revisions\/36541"}],"wp:attachment":[{"href":"https:\/\/aronlight.com\/fr\/wp-json\/wp\/v2\/media?parent=13279"}],"curies":[{"name":"wp","href":"https:\/\/api.w.org\/{rel}","templated":true}]}}