{"id":9242,"date":"2019-04-24T17:08:37","date_gmt":"2019-04-24T17:08:37","guid":{"rendered":"https:\/\/aronlight.com\/politica-de-cookies-aronlight\/"},"modified":"2021-06-21T16:24:28","modified_gmt":"2021-06-21T16:24:28","slug":"politica-de-cookies-aronlight","status":"publish","type":"page","link":"https:\/\/aronlight.com\/es\/politica-de-cookies-aronlight\/","title":{"rendered":"Cookies de Aronlight"},"content":{"rendered":"<p>[vc_row rt_row_background_width=\u00bbfullwidth\u00bb rt_row_content_width=\u00bbdefault\u00bb rt_row_style=\u00bbdefault-style\u00bb rt_row_height=\u00bb\u00bb rt_column_gaps=\u00bb\u00bb rt_row_shadows=\u00bb\u00bb rt_row_borders=\u00bb\u00bb rt_bg_effect=\u00bbclassic\u00bb rt_bg_image_repeat=\u00bbrepeat\u00bb rt_bg_size=\u00bbcover\u00bb rt_bg_position=\u00bbright top\u00bb rt_bg_attachment=\u00bbscroll\u00bb rt_bg_layer=\u00bb\u00bb rt_bg_video_format=\u00bbself-hosted\u00bb][vc_column rt_bg_effect=\u00bbclassic\u00bb rt_bg_image_repeat=\u00bbrepeat\u00bb rt_bg_size=\u00bbauto auto\u00bb rt_bg_position=\u00bbright top\u00bb rt_bg_attachment=\u00bbscroll\u00bb rt_class=\u00bbrt-7050354&#8243; rt_margins=\u00bb30,30&#8243; rt_paddings=\u00bb,,,\u00bb rt_wrapper_paddings=\u00bb,,,\u00bb rt_tablet_margins=\u00bb,\u00bb rt_tablet_paddings=\u00bb,,,\u00bb rt_tablet_wrapper_paddings=\u00bb,,,\u00bb rt_sp_margins=\u00bb,\u00bb rt_sp_paddings=\u00bb,,,\u00bb rt_sp_wrapper_paddings=\u00bb,,,\u00bb rt_bg_color=\u00bb\u00bb rt_bg_overlay_color=\u00bb\u00bb][vc_column_text]<strong>Pol\u00edtica de cookies<\/strong><\/p>\n<p><strong>\u00bfQu\u00e9 son y c\u00f3mo funcionan?<\/strong><\/p>\n<p>Las cookies son peque\u00f1os archivos de texto que se env\u00edan a su computadora o dispositivo m\u00f3vil a trav\u00e9s de su navegador, que los almacena en una carpeta de archivos. Cada cookie almacenada es \u00fanica y contiene informaci\u00f3n an\u00f3nima que consta de un identificador, el nombre de la p\u00e1gina web y un c\u00f3digo alfanum\u00e9rico.<\/p>\n<p>Las cookies recopilan informaci\u00f3n gen\u00e9rica relacionada con las preferencias de los usuarios, por ejemplo, c\u00f3mo utilizan la p\u00e1gina de Aron Light o el \u00e1rea del pa\u00eds donde lo hacen, etc., lo que permite al sistema recuperar caracter\u00edsticas o preferencias de navegaci\u00f3n de sesiones anteriores. Cada vez que vuelva a visitar nuestra p\u00e1gina web, su navegador lee la cookie y nos reenv\u00eda la informaci\u00f3n.<\/p>\n<p>Estas cookies no son invasivas ni da\u00f1inas, y no contienen informaci\u00f3n personal.<\/p>\n<p>Si su navegador web est\u00e1 configurado para aceptar cookies, cuando visite la p\u00e1gina web de Aron Light, creemos que acepta nuestra pol\u00edtica de cookies.<\/p>\n<p><strong>\u00bfPor qu\u00e9 utilizamos cookies?<\/strong><br \/>\nAron Light utiliza cookies para proporcionar al usuario una experiencia m\u00e1s agradable.<\/p>\n<p><strong>Las cookies tienen diferentes funciones:<\/strong><\/p>\n<p><strong>Funciones basicas<\/strong><br \/>\nEstas cookies son esenciales para la ejecuci\u00f3n de nuestra p\u00e1gina web y son fundamentales para brindarle una experiencia sin fallas porque le permiten navegar sin interrupciones. Tambi\u00e9n nos permiten utilizar nuestras funciones o aplicaciones b\u00e1sicas, como el acceso a las \u00e1reas de la p\u00e1gina a trav\u00e9s del inicio de sesi\u00f3n con autenticaci\u00f3n segura.<\/p>\n<p><strong>Mejora<\/strong><br \/>\nEstas cookies nos permiten monitorear el rendimiento de nuestra p\u00e1gina web mediante el an\u00e1lisis de c\u00f3mo los usuarios lo utilizan.<\/p>\n<p>Aron Light puede identificar y solucionar r\u00e1pidamente cualquier problema, brindando continuamente una experiencia de alta calidad con una oferta permanente. Estas cookies nunca recopilan informaci\u00f3n de car\u00e1cter personal, ya que se utilizan solo para fines de an\u00e1lisis estad\u00edstico.<\/p>\n<p><strong>Personalizaci\u00f3n<\/strong><br \/>\nEstas cookies ayudan a que nuestro contenido sea lo m\u00e1s personalizado y atractivo posible para el usuario.<\/p>\n<p>En funci\u00f3n del uso que usted haga de nuestro sitio web, Aron Light utiliza estas cookies para identificar sus preferencias y resaltar art\u00edculos o servicios que creemos pueden ser de su inter\u00e9s.<\/p>\n<p><strong>\u00bfC\u00f3mo gestionar las cookies?<\/strong><br \/>\nEn cualquier momento, el usuario puede optar por recibir notificaciones sobre la recepci\u00f3n de cookies a trav\u00e9s de su navegador y restringir o incluso bloquear su entrada en su sistema.<\/p>\n<p>La mayor\u00eda de las \u00e1reas de nuestra p\u00e1gina web funcionan sin cookies, sin embargo, su restricci\u00f3n o bloqueo puede causar dificultades para acceder a algunas de nuestras funciones o para recibir informaci\u00f3n personalizada.<\/p>\n<p>Si elimina las cookies de su navegador, es posible que tenga que instalar nuevamente las cookies de rechazo.<\/p>\n<p>Si tiene dificultades, consulte el men\u00fa de ayuda de su navegador y sabr\u00e1 c\u00f3mo proceder.<\/p>\n<p>Para obtener m\u00e1s informaci\u00f3n sobre estas tecnolog\u00edas y c\u00f3mo funcionan, consulte, por ejemplo, allaboutcookies.org.<\/p>\n<p><strong>\u00bfQu\u00e9 debes saber m\u00e1s?<\/strong><br \/>\nAron Light se reserva el derecho de cambiar esta pol\u00edtica en cualquier momento. Sin embargo, si es as\u00ed, Aronlight emitir\u00e1 un aviso notificando al usuario de este hecho. Sin embargo, le recomendamos que visite esta p\u00e1gina de Pol\u00edtica de cookies peri\u00f3dicamente.<\/p>\n<p>Si tiene m\u00e1s preguntas, cont\u00e1ctenos en <a href=\"mailto:geral@aronlight.pt\"><strong>geral@aronlight.pt<\/strong><\/a>[\/vc_column_text][\/vc_column][\/vc_row]<\/p>\n","protected":false},"excerpt":{"rendered":"<p>[vc_row rt_row_background_width=\u00bbfullwidth\u00bb rt_row_content_width=\u00bbdefault\u00bb rt_row_style=\u00bbdefault-style\u00bb rt_row_height=\u00bb\u00bb rt_column_gaps=\u00bb\u00bb rt_row_shadows=\u00bb\u00bb rt_row_borders=\u00bb\u00bb rt_bg_effect=\u00bbclassic\u00bb rt_bg_image_repeat=\u00bbrepeat\u00bb rt_bg_size=\u00bbcover\u00bb rt_bg_position=\u00bbright top\u00bb rt_bg_attachment=\u00bbscroll\u00bb rt_bg_layer=\u00bb\u00bb rt_bg_video_format=\u00bbself-hosted\u00bb][vc_column rt_bg_effect=\u00bbclassic\u00bb rt_bg_image_repeat=\u00bbrepeat\u00bb rt_bg_size=\u00bbauto auto\u00bb rt_bg_position=\u00bbright top\u00bb rt_bg_attachment=\u00bbscroll\u00bb rt_class=\u00bbrt-7050354&#8243; rt_margins=\u00bb30,30&#8243; rt_paddings=\u00bb,,,\u00bb rt_wrapper_paddings=\u00bb,,,\u00bb rt_tablet_margins=\u00bb,\u00bb rt_tablet_paddings=\u00bb,,,\u00bb rt_tablet_wrapper_paddings=\u00bb,,,\u00bb rt_sp_margins=\u00bb,\u00bb rt_sp_paddings=\u00bb,,,\u00bb rt_sp_wrapper_paddings=\u00bb,,,\u00bb rt_bg_color=\u00bb\u00bb rt_bg_overlay_color=\u00bb\u00bb][vc_column_text]Pol\u00edtica de cookies \u00bfQu\u00e9 son y c\u00f3mo funcionan? Las cookies son peque\u00f1os archivos de texto que se env\u00edan a su computadora [&hellip;]<\/p>\n","protected":false},"author":1,"featured_media":0,"parent":0,"menu_order":0,"comment_status":"closed","ping_status":"closed","template":"","meta":{"footnotes":""},"_links":{"self":[{"href":"https:\/\/aronlight.com\/es\/wp-json\/wp\/v2\/pages\/9242"}],"collection":[{"href":"https:\/\/aronlight.com\/es\/wp-json\/wp\/v2\/pages"}],"about":[{"href":"https:\/\/aronlight.com\/es\/wp-json\/wp\/v2\/types\/page"}],"author":[{"embeddable":true,"href":"https:\/\/aronlight.com\/es\/wp-json\/wp\/v2\/users\/1"}],"replies":[{"embeddable":true,"href":"https:\/\/aronlight.com\/es\/wp-json\/wp\/v2\/comments?post=9242"}],"version-history":[{"count":5,"href":"https:\/\/aronlight.com\/es\/wp-json\/wp\/v2\/pages\/9242\/revisions"}],"predecessor-version":[{"id":18233,"href":"https:\/\/aronlight.com\/es\/wp-json\/wp\/v2\/pages\/9242\/revisions\/18233"}],"wp:attachment":[{"href":"https:\/\/aronlight.com\/es\/wp-json\/wp\/v2\/media?parent=9242"}],"curies":[{"name":"wp","href":"https:\/\/api.w.org\/{rel}","templated":true}]}}