{"id":9189,"date":"2017-07-02T03:41:34","date_gmt":"2017-07-02T03:41:34","guid":{"rendered":"https:\/\/aronlight.com\/aronlight-quem-somos\/"},"modified":"2025-02-25T15:38:27","modified_gmt":"2025-02-25T15:38:27","slug":"aronlight-quienes-somos","status":"publish","type":"page","link":"https:\/\/aronlight.com\/es\/aronlight-quienes-somos\/","title":{"rendered":"Quienes Somos"},"content":{"rendered":"<p>[vc_row rt_row_background_width=\u00bbfullwidth\u00bb rt_row_content_width=\u00bbdefault\u00bb rt_row_style=\u00bbdefault-style\u00bb rt_row_height=\u00bb\u00bb rt_column_gaps=\u00bb\u00bb rt_row_shadows=\u00bb\u00bb rt_row_borders=\u00bbbottom\u00bb rt_bg_effect=\u00bbclassic\u00bb rt_bg_image_repeat=\u00bbrepeat\u00bb rt_bg_size=\u00bbcover\u00bb rt_bg_position=\u00bbright top\u00bb rt_bg_attachment=\u00bbscroll\u00bb rt_bg_layer=\u00bb\u00bb rt_bg_video_format=\u00bbself-hosted\u00bb rt_class=\u00bbrt-7017679&#8243; rt_paddings=\u00bb40,40,,\u00bb rt_margins=\u00bb,,,\u00bb rt_content_margins=\u00bb,,,\u00bb rt_tablet_paddings=\u00bb,,,\u00bb rt_tablet_margins=\u00bb,,,\u00bb rt_tablet_content_margins=\u00bb,,,\u00bb rt_sp_paddings=\u00bb,,,\u00bb rt_sp_margins=\u00bb,,,\u00bb rt_sp_content_margins=\u00bb,,,\u00bb][vc_column width=\u00bb1\/2&#8243; rt_bg_effect=\u00bbclassic\u00bb rt_bg_image_repeat=\u00bbrepeat\u00bb rt_bg_size=\u00bbauto auto\u00bb rt_bg_position=\u00bbright top\u00bb rt_bg_attachment=\u00bbscroll\u00bb rt_col_paddings=\u00bbtrue\u00bb rt_wrp_col_paddings=\u00bbfalse\u00bb rt_class=\u00bbrt-6065119&#8243; rt_margins=\u00bb,\u00bb rt_paddings=\u00bb20,40px,,\u00bb rt_wrapper_paddings=\u00bb,,,\u00bb rt_tablet_margins=\u00bb,\u00bb rt_tablet_paddings=\u00bb,,,\u00bb rt_tablet_wrapper_paddings=\u00bb,,,\u00bb rt_sp_margins=\u00bb,\u00bb rt_sp_paddings=\u00bb,,,\u00bb rt_sp_wrapper_paddings=\u00bb,,,\u00bb rt_bg_color=\u00bb\u00bb rt_bg_overlay_color=\u00bb\u00bb]<div class=\"rt-heading-wrapper style-2 rt-1188415\">\n\t\t\t\t\t\t<h4 class=\"rt-heading style-2\" >Aronlight<\/h4>\n\t\t\t\t\t<\/div><div class=\"rt-heading-wrapper rt-4813171\">\n\t\t\t\t\t\t<h6 class=\"rt-heading\" >Una Marca, Todas Las Soluciones<\/h6>\n\t\t\t\t\t<\/div>[vc_column_text]Aronlight es una marca registrada dedicada al desarrollo y comercializaci\u00f3n de productos de iluminaci\u00f3n LED de alta calidad.<\/p>\n<p>La calidad de nuestros productos y el soporte t\u00e9cnico son nuestro compromiso para garantizar la confianza de nuestros clientes. Pretendemos ofrecer a nuestros socios las soluciones de iluminaci\u00f3n m\u00e1s innovadoras del mercado en t\u00e9rminos de eficiencia, dise\u00f1o y tecnolog\u00eda.<\/p>\n<p>Lanzamos varias l\u00edneas de productos, como Architectural &amp; amp; Dise\u00f1o, una soluci\u00f3n completa para dise\u00f1adores de iluminaci\u00f3n; La l\u00ednea Aron Smart, una l\u00ednea de productos de control de Wi-Fi, con nuestra propia aplicaci\u00f3n, disponible en Apple Store y Google Play; y muchos otros productos nuevos que complementan las l\u00edneas de productos existentes.[\/vc_column_text][vc_empty_space height=\u00bb16px\u00bb]<div class=\"rt-heading-wrapper rt-3940092\">\n\t\t\t\t\t\t<h6 class=\"rt-heading\" >Pol\u00edtica de Calidad<\/h6>\n\t\t\t\t\t<\/div>[vc_column_text css=\u00bb\u00bb]<\/p>\n<p data-start=\"48\" data-end=\"118\"><strong>Aronlight<\/strong> transmite a los Clientes la confianza de poseer la capacidad, t\u00e9cnica y organizacional, capaz de ofrecer, de forma consistente y sistem\u00e1tica, el nivel de Calidad exigido para satisfacer sus necesidades y expectativas.<\/p>\n<p data-start=\"48\" data-end=\"118\">La Pol\u00edtica de Calidad de <strong>Aronlight<\/strong> integra los siguientes principios:<\/p>\n<ul>\n<li data-start=\"120\" data-end=\"595\">Asegurar la satisfacci\u00f3n de las necesidades de los Clientes y su fidelizaci\u00f3n, a trav\u00e9s de:\n<ul>\n<li data-start=\"120\" data-end=\"595\">Comercializaci\u00f3n de productos de \u201ccalidad\u201d;<\/li>\n<li data-start=\"120\" data-end=\"595\">Soporte t\u00e9cnico para la definici\u00f3n de soluciones t\u00e9cnicas adecuadas a las necesidades de los Clientes;<\/li>\n<li data-start=\"120\" data-end=\"595\">Cumplimiento de los plazos acordados con los Clientes;<\/li>\n<\/ul>\n<\/li>\n<li data-start=\"120\" data-end=\"595\">Garantizar el cumplimiento de la legislaci\u00f3n aplicable a su actividad de prestaci\u00f3n de servicios;<\/li>\n<li data-start=\"120\" data-end=\"595\">Mejorar continuamente la eficacia de su Sistema de Gesti\u00f3n de Calidad implementado.<\/li>\n<\/ul>\n<p>[\/vc_column_text][\/vc_column][vc_column width=\u00bb1\/2&#8243; rt_bg_effect=\u00bbclassic\u00bb rt_bg_image_repeat=\u00bbrepeat\u00bb rt_bg_size=\u00bbauto auto\u00bb rt_bg_position=\u00bbright top\u00bb rt_bg_attachment=\u00bbscroll\u00bb rt_class=\u00bbrt-1424421&#8243; rt_margins=\u00bb100,\u00bb rt_paddings=\u00bb,,60,40&#8243; rt_wrapper_paddings=\u00bb,,,\u00bb rt_tablet_margins=\u00bb,\u00bb rt_tablet_paddings=\u00bb,,,\u00bb rt_tablet_wrapper_paddings=\u00bb,,,\u00bb rt_sp_margins=\u00bb,\u00bb rt_sp_paddings=\u00bb,,,\u00bb rt_sp_wrapper_paddings=\u00bb,,,\u00bb rt_bg_color=\u00bb\u00bb rt_bg_overlay_color=\u00bb\u00bb]<span class=\"businesslounge-icon icon-quote-left  primary-color\" style=\"font-size:35px;margin-bottom:20px;\"><\/span><div class=\"rt-heading-wrapper rt-6649764\">\n\t\t\t\t\t\t<h4 class=\"rt-heading\" ><span class=\"highlight style-1\">It doesn\u2019t cost money to light a room correctly, but it does require culture\u201d <\/span><\/h4>\n\t\t\t\t\t<\/div>[vc_column_text 0=\u00bb\u00bb]<strong>Poul Henningsen<\/strong>[\/vc_column_text][\/vc_column][\/vc_row][vc_row rt_row_background_width=\u00bbfullwidth\u00bb rt_row_content_width=\u00bbdefault\u00bb rt_row_style=\u00bbdefault-style\u00bb rt_row_height=\u00bb\u00bb rt_column_gaps=\u00bb\u00bb rt_row_shadows=\u00bb\u00bb rt_row_borders=\u00bb\u00bb rt_bg_effect=\u00bbclassic\u00bb rt_bg_image_repeat=\u00bbrepeat\u00bb rt_bg_size=\u00bbcover\u00bb rt_bg_position=\u00bbright top\u00bb rt_bg_attachment=\u00bbscroll\u00bb rt_bg_layer=\u00bb\u00bb rt_bg_video_format=\u00bbself-hosted\u00bb][vc_column rt_bg_effect=\u00bbclassic\u00bb rt_bg_image_repeat=\u00bbrepeat\u00bb rt_bg_size=\u00bbauto auto\u00bb rt_bg_position=\u00bbright top\u00bb rt_bg_attachment=\u00bbscroll\u00bb][vc_column_text][\/vc_column_text][\/vc_column][\/vc_row][vc_row rt_row_background_width=\u00bbfullwidth\u00bb rt_row_content_width=\u00bbdefault\u00bb rt_row_style=\u00bbdefault-style\u00bb rt_row_height=\u00bb\u00bb rt_column_gaps=\u00bb\u00bb rt_row_shadows=\u00bb\u00bb rt_row_borders=\u00bb\u00bb rt_bg_effect=\u00bbclassic\u00bb rt_bg_image_repeat=\u00bbrepeat\u00bb rt_bg_size=\u00bbcover\u00bb rt_bg_position=\u00bbright top\u00bb rt_bg_attachment=\u00bbscroll\u00bb rt_bg_layer=\u00bb\u00bb rt_bg_video_format=\u00bbself-hosted\u00bb][vc_column rt_bg_effect=\u00bbclassic\u00bb rt_bg_image_repeat=\u00bbrepeat\u00bb rt_bg_size=\u00bbauto auto\u00bb rt_bg_position=\u00bbright top\u00bb rt_bg_attachment=\u00bbscroll\u00bb][\/vc_column][\/vc_row]<\/p>\n","protected":false},"excerpt":{"rendered":"<p>[vc_row rt_row_background_width=\u00bbfullwidth\u00bb rt_row_content_width=\u00bbdefault\u00bb rt_row_style=\u00bbdefault-style\u00bb rt_row_height=\u00bb\u00bb rt_column_gaps=\u00bb\u00bb rt_row_shadows=\u00bb\u00bb rt_row_borders=\u00bbbottom\u00bb rt_bg_effect=\u00bbclassic\u00bb rt_bg_image_repeat=\u00bbrepeat\u00bb rt_bg_size=\u00bbcover\u00bb rt_bg_position=\u00bbright top\u00bb rt_bg_attachment=\u00bbscroll\u00bb rt_bg_layer=\u00bb\u00bb rt_bg_video_format=\u00bbself-hosted\u00bb rt_class=\u00bbrt-7017679&#8243; rt_paddings=\u00bb40,40,,\u00bb rt_margins=\u00bb,,,\u00bb rt_content_margins=\u00bb,,,\u00bb rt_tablet_paddings=\u00bb,,,\u00bb rt_tablet_margins=\u00bb,,,\u00bb rt_tablet_content_margins=\u00bb,,,\u00bb rt_sp_paddings=\u00bb,,,\u00bb rt_sp_margins=\u00bb,,,\u00bb rt_sp_content_margins=\u00bb,,,\u00bb][vc_column width=\u00bb1\/2&#8243; rt_bg_effect=\u00bbclassic\u00bb rt_bg_image_repeat=\u00bbrepeat\u00bb rt_bg_size=\u00bbauto auto\u00bb rt_bg_position=\u00bbright top\u00bb rt_bg_attachment=\u00bbscroll\u00bb rt_col_paddings=\u00bbtrue\u00bb rt_wrp_col_paddings=\u00bbfalse\u00bb rt_class=\u00bbrt-6065119&#8243; rt_margins=\u00bb,\u00bb rt_paddings=\u00bb20,40px,,\u00bb rt_wrapper_paddings=\u00bb,,,\u00bb rt_tablet_margins=\u00bb,\u00bb rt_tablet_paddings=\u00bb,,,\u00bb rt_tablet_wrapper_paddings=\u00bb,,,\u00bb rt_sp_margins=\u00bb,\u00bb rt_sp_paddings=\u00bb,,,\u00bb rt_sp_wrapper_paddings=\u00bb,,,\u00bb rt_bg_color=\u00bb\u00bb rt_bg_overlay_color=\u00bb\u00bb][vc_column_text]Aronlight es una marca registrada dedicada al desarrollo [&hellip;]<\/p>\n","protected":false},"author":1,"featured_media":0,"parent":0,"menu_order":0,"comment_status":"closed","ping_status":"closed","template":"","meta":{"footnotes":""},"_links":{"self":[{"href":"https:\/\/aronlight.com\/es\/wp-json\/wp\/v2\/pages\/9189"}],"collection":[{"href":"https:\/\/aronlight.com\/es\/wp-json\/wp\/v2\/pages"}],"about":[{"href":"https:\/\/aronlight.com\/es\/wp-json\/wp\/v2\/types\/page"}],"author":[{"embeddable":true,"href":"https:\/\/aronlight.com\/es\/wp-json\/wp\/v2\/users\/1"}],"replies":[{"embeddable":true,"href":"https:\/\/aronlight.com\/es\/wp-json\/wp\/v2\/comments?post=9189"}],"version-history":[{"count":10,"href":"https:\/\/aronlight.com\/es\/wp-json\/wp\/v2\/pages\/9189\/revisions"}],"predecessor-version":[{"id":36537,"href":"https:\/\/aronlight.com\/es\/wp-json\/wp\/v2\/pages\/9189\/revisions\/36537"}],"wp:attachment":[{"href":"https:\/\/aronlight.com\/es\/wp-json\/wp\/v2\/media?parent=9189"}],"curies":[{"name":"wp","href":"https:\/\/api.w.org\/{rel}","templated":true}]}}